{"id":149,"date":"2020-05-25T08:46:30","date_gmt":"2020-05-25T08:46:30","guid":{"rendered":"https:\/\/serigran2000.com\/serigrafia-madrid\/?page_id=149"},"modified":"2020-05-25T08:54:28","modified_gmt":"2020-05-25T08:54:28","slug":"quienes-somos","status":"publish","type":"page","link":"https:\/\/serigran2000.com\/serigrafia-madrid\/quienes-somos\/","title":{"rendered":"Quienes Somos"},"content":{"rendered":"\n<p class=\"has-normal-font-size\">Somos una empresa familiar, un\u00a0<strong>taller de serigraf\u00eda<\/strong> con mas de 40 a\u00f1os de experiencia en el arte de la impresi\u00f3n, <strong>especializados en serigraf\u00eda y tampograf\u00eda de calidad<\/strong> para la impresi\u00f3n de art\u00edculos promocionales y\u00a0productos industriales, serigraf\u00eda plana y curva en todo tipo de pl\u00e1sticos y especialistas en silicona, serigraf\u00eda textil y\u00a0sublimaci\u00f3n.<\/p>\n\n\n\n<p><strong>Nuestras instalaciones cuentan<\/strong>\u00a0con estas \u00e1reas: Superficie de taller 250\u00a0<strong>m<sup>2<\/sup><\/strong>, y otros 150\u00a0<strong>m<\/strong><strong><sup>2 \u00a0<\/sup><\/strong>de\u00a0almac\u00e9n, esto nos permite tener una gran capacidad de producci\u00f3n.<\/p>\n\n\n\n<p>Nuestra empresa desde su fundaci\u00f3n siempre ha ido dirigida a empresas y\u00a0profesionales, industria, agencias de publicidad y merchandising, entre otros.<\/p>\n\n\n\n<p>Nuestra gran experiencia y capacidad de\u00a0adaptaci\u00f3n, nos permite ofrecer un <strong>servicio muy\u00a0profesional<\/strong>, nuestro\u00a0car\u00e1cter de compromiso con nuestros clientes ante las fechas de entrega de producto es m\u00e1ximo. Partiendo de un dise\u00f1o\u00a0inicial, orientamos a nuestros clientes para que los costes de producci\u00f3n sean competitivos, teniendo siempre en cuenta la relaci\u00f3n calidad-precio. Si ya has entrado en nuestra web,<a href=\"https:\/\/serigran2000.com\/serigrafia-madrid\/contacto\"> ll\u00e1manos<\/a> sin compromiso y estaremos encantados de atenderle.<\/p>\n","protected":false},"excerpt":{"rendered":"<p>Somos una empresa familiar, un\u00a0taller de serigraf\u00eda con mas de 40 a\u00f1os de experiencia en el arte de la impresi\u00f3n, especializados en serigraf\u00eda y tampograf\u00eda de calidad para la impresi\u00f3n de art\u00edculos promocionales y\u00a0productos industriales, serigraf\u00eda plana y curva en todo tipo de pl\u00e1sticos y especialistas en silicona, serigraf\u00eda textil y\u00a0sublimaci\u00f3n. Nuestras instalaciones cuentan\u00a0con estas [&hellip;]<\/p>\n<p><a class=\"moretag\" href=\"https:\/\/serigran2000.com\/serigrafia-madrid\/quienes-somos\/\">Read more<\/a><\/p>\n","protected":false},"author":1,"featured_media":153,"parent":0,"menu_order":0,"comment_status":"closed","ping_status":"closed","template":"","meta":[],"jetpack_sharing_enabled":true,"_links":{"self":[{"href":"https:\/\/serigran2000.com\/serigrafia-madrid\/wp-json\/wp\/v2\/pages\/149"}],"collection":[{"href":"https:\/\/serigran2000.com\/serigrafia-madrid\/wp-json\/wp\/v2\/pages"}],"about":[{"href":"https:\/\/serigran2000.com\/serigrafia-madrid\/wp-json\/wp\/v2\/types\/page"}],"author":[{"embeddable":true,"href":"https:\/\/serigran2000.com\/serigrafia-madrid\/wp-json\/wp\/v2\/users\/1"}],"replies":[{"embeddable":true,"href":"https:\/\/serigran2000.com\/serigrafia-madrid\/wp-json\/wp\/v2\/comments?post=149"}],"version-history":[{"count":2,"href":"https:\/\/serigran2000.com\/serigrafia-madrid\/wp-json\/wp\/v2\/pages\/149\/revisions"}],"predecessor-version":[{"id":152,"href":"https:\/\/serigran2000.com\/serigrafia-madrid\/wp-json\/wp\/v2\/pages\/149\/revisions\/152"}],"wp:featuredmedia":[{"embeddable":true,"href":"https:\/\/serigran2000.com\/serigrafia-madrid\/wp-json\/wp\/v2\/media\/153"}],"wp:attachment":[{"href":"https:\/\/serigran2000.com\/serigrafia-madrid\/wp-json\/wp\/v2\/media?parent=149"}],"curies":[{"name":"wp","href":"https:\/\/api.w.org\/{rel}","templated":true}]}}