{"id":15,"date":"2020-05-20T10:17:16","date_gmt":"2020-05-20T10:17:16","guid":{"rendered":"https:\/\/serigran2000.com\/serigrafia-madrid\/?page_id=15"},"modified":"2020-06-02T09:25:51","modified_gmt":"2020-06-02T09:25:51","slug":"inicio","status":"publish","type":"page","link":"https:\/\/serigran2000.com\/serigrafia-madrid\/","title":{"rendered":"Inicio"},"content":{"rendered":"\n<p class=\"has-large-font-size\">Serigran 2000<\/p>\n\n\n\n<p class=\"has-normal-font-size\">Somos una empresa familiar, un&nbsp;<strong>taller de serigraf\u00eda<\/strong> con mas de 40 a\u00f1os de experiencia en el arte de la impresi\u00f3n, <strong>especializados en serigraf\u00eda y tampograf\u00eda de calidad<\/strong> para la impresi\u00f3n de art\u00edculos promocionales y&nbsp;productos industriales, serigraf\u00eda plana y curva en todo tipo de pl\u00e1sticos y especialistas en silicona, serigraf\u00eda textil y&nbsp;sublimaci\u00f3n.<\/p>\n\n\n\n<h4 class=\"wp-block-heading\">Para m\u00e1s informaci\u00f3n contacta con nosotros<\/h4>\n\n\n\n<div class=\"wp-block-buttons alignright is-layout-flex\">\n<div class=\"wp-block-button is-style-fill\"><a class=\"wp-block-button__link has-background\" href=\"https:\/\/serigran2000.com\/serigrafia-madrid\/llamanos\/\" style=\"background-color:#c20f1a;border-radius:6px\" rel=\"\">Ll\u00e1manos<\/a><\/div>\n<\/div>\n\n\n\n<p><\/p>\n","protected":false},"excerpt":{"rendered":"<p>Serigran 2000 Somos una empresa familiar, un&nbsp;taller de serigraf\u00eda con mas de 40 a\u00f1os de experiencia en el arte de la impresi\u00f3n, especializados en serigraf\u00eda y tampograf\u00eda de calidad para la impresi\u00f3n de art\u00edculos promocionales y&nbsp;productos industriales, serigraf\u00eda plana y curva en todo tipo de pl\u00e1sticos y especialistas en silicona, serigraf\u00eda textil y&nbsp;sublimaci\u00f3n. Para m\u00e1s [&hellip;]<\/p>\n<p><a class=\"moretag\" href=\"https:\/\/serigran2000.com\/serigrafia-madrid\/\">Read more<\/a><\/p>\n","protected":false},"author":1,"featured_media":156,"parent":0,"menu_order":0,"comment_status":"closed","ping_status":"closed","template":"","meta":[],"jetpack_sharing_enabled":true,"_links":{"self":[{"href":"https:\/\/serigran2000.com\/serigrafia-madrid\/wp-json\/wp\/v2\/pages\/15"}],"collection":[{"href":"https:\/\/serigran2000.com\/serigrafia-madrid\/wp-json\/wp\/v2\/pages"}],"about":[{"href":"https:\/\/serigran2000.com\/serigrafia-madrid\/wp-json\/wp\/v2\/types\/page"}],"author":[{"embeddable":true,"href":"https:\/\/serigran2000.com\/serigrafia-madrid\/wp-json\/wp\/v2\/users\/1"}],"replies":[{"embeddable":true,"href":"https:\/\/serigran2000.com\/serigrafia-madrid\/wp-json\/wp\/v2\/comments?post=15"}],"version-history":[{"count":17,"href":"https:\/\/serigran2000.com\/serigrafia-madrid\/wp-json\/wp\/v2\/pages\/15\/revisions"}],"predecessor-version":[{"id":204,"href":"https:\/\/serigran2000.com\/serigrafia-madrid\/wp-json\/wp\/v2\/pages\/15\/revisions\/204"}],"wp:featuredmedia":[{"embeddable":true,"href":"https:\/\/serigran2000.com\/serigrafia-madrid\/wp-json\/wp\/v2\/media\/156"}],"wp:attachment":[{"href":"https:\/\/serigran2000.com\/serigrafia-madrid\/wp-json\/wp\/v2\/media?parent=15"}],"curies":[{"name":"wp","href":"https:\/\/api.w.org\/{rel}","templated":true}]}}