{"id":21,"date":"2020-05-20T10:28:07","date_gmt":"2020-05-20T10:28:07","guid":{"rendered":"https:\/\/serigran2000.com\/serigrafia-madrid\/?page_id=21"},"modified":"2020-05-26T07:37:09","modified_gmt":"2020-05-26T07:37:09","slug":"servicios","status":"publish","type":"page","link":"https:\/\/serigran2000.com\/serigrafia-madrid\/servicios\/","title":{"rendered":"Servicios"},"content":{"rendered":"\n<div class=\"wp-block-columns is-layout-flex wp-container-3\">\n<div class=\"wp-block-column is-layout-flow\">\n<p class=\"has-large-font-size\"><a href=\"https:\/\/serigran2000.com\/serigrafia-madrid\/item\/serigrafia\/\">Serigraf\u00eda<\/a><\/p>\n\n\n\n<p>Serigraf\u00eda circular y plana.<\/p>\n\n\n\n<p>Todo tipo de pl\u00e1sticos.<\/p>\n\n\n\n<p>Vidrio, metal, etc.<\/p>\n\n\n\n<p>Especialistas de impresi\u00f3n en silicona.<\/p>\n\n\n\n<p><\/p>\n<\/div>\n\n\n\n<div class=\"wp-block-column is-layout-flow\">\n<p class=\"has-large-font-size\"><a href=\"https:\/\/serigran2000.com\/serigrafia-madrid\/item\/serigrafia-textil\/\">Serigraf\u00eda textil<\/a><\/p>\n\n\n\n<p>Especialistas en ropa laboral y deportiva.\u00a0<\/p>\n\n\n\n<p>Impresi\u00f3n directa con calidad fotogr\u00e1fica.\u00a0<\/p>\n\n\n\n<p>Transfer serigr\u00e1fico.<\/p>\n<\/div>\n<\/div>\n\n\n\n<div class=\"wp-block-columns is-layout-flex wp-container-6\">\n<div class=\"wp-block-column is-layout-flow\">\n<p class=\"has-large-font-size\"><a href=\"https:\/\/serigran2000.com\/serigrafia-madrid\/item\/tampografia\/\">Tampograf\u00eda<\/a><\/p>\n\n\n\n<p>Pr\u00e1cticamente todo tipo de materiales<\/p>\n<\/div>\n\n\n\n<div class=\"wp-block-column is-layout-flow\">\n<p class=\"has-large-font-size\"><a href=\"https:\/\/serigran2000.com\/serigrafia-madrid\/item\/sublimacion\/\">Sublimaci\u00f3n<\/a><\/p>\n\n\n\n<p>Textil y r\u00edgidos para regalos personalizados.<\/p>\n\n\n\n<p><\/p>\n<\/div>\n<\/div>\n\n\n\n<div class=\"wp-block-columns is-layout-flex wp-container-9\">\n<div class=\"wp-block-column is-layout-flow\">\n<p class=\"has-large-font-size\"><a href=\"https:\/\/serigran2000.com\/serigrafia-madrid\/item\/rotulacion\/\">Rotulaci\u00f3n<\/a><\/p>\n\n\n\n<p>Veh\u00edculos y carteler\u00eda<\/p>\n<\/div>\n\n\n\n<div class=\"wp-block-column is-layout-flow\">\n<p class=\"has-large-font-size\"><a href=\"https:\/\/serigran2000.com\/serigrafia-madrid\/item\/bordado\/\">Bordado<\/a><\/p>\n<\/div>\n<\/div>\n\n\n\n<p><\/p>\n","protected":false},"excerpt":{"rendered":"<p>Serigraf\u00eda Serigraf\u00eda circular y plana. Todo tipo de pl\u00e1sticos. Vidrio, metal, etc. Especialistas de impresi\u00f3n en silicona. Serigraf\u00eda textil Especialistas en ropa laboral y deportiva.\u00a0 Impresi\u00f3n directa con calidad fotogr\u00e1fica.\u00a0 Transfer serigr\u00e1fico. Tampograf\u00eda Pr\u00e1cticamente todo tipo de materiales Sublimaci\u00f3n Textil y r\u00edgidos para regalos personalizados. Rotulaci\u00f3n Veh\u00edculos y carteler\u00eda Bordado<\/p>\n<p><a class=\"moretag\" href=\"https:\/\/serigran2000.com\/serigrafia-madrid\/servicios\/\">Read more<\/a><\/p>\n","protected":false},"author":1,"featured_media":161,"parent":0,"menu_order":0,"comment_status":"closed","ping_status":"closed","template":"","meta":[],"jetpack_sharing_enabled":true,"_links":{"self":[{"href":"https:\/\/serigran2000.com\/serigrafia-madrid\/wp-json\/wp\/v2\/pages\/21"}],"collection":[{"href":"https:\/\/serigran2000.com\/serigrafia-madrid\/wp-json\/wp\/v2\/pages"}],"about":[{"href":"https:\/\/serigran2000.com\/serigrafia-madrid\/wp-json\/wp\/v2\/types\/page"}],"author":[{"embeddable":true,"href":"https:\/\/serigran2000.com\/serigrafia-madrid\/wp-json\/wp\/v2\/users\/1"}],"replies":[{"embeddable":true,"href":"https:\/\/serigran2000.com\/serigrafia-madrid\/wp-json\/wp\/v2\/comments?post=21"}],"version-history":[{"count":10,"href":"https:\/\/serigran2000.com\/serigrafia-madrid\/wp-json\/wp\/v2\/pages\/21\/revisions"}],"predecessor-version":[{"id":183,"href":"https:\/\/serigran2000.com\/serigrafia-madrid\/wp-json\/wp\/v2\/pages\/21\/revisions\/183"}],"wp:featuredmedia":[{"embeddable":true,"href":"https:\/\/serigran2000.com\/serigrafia-madrid\/wp-json\/wp\/v2\/media\/161"}],"wp:attachment":[{"href":"https:\/\/serigran2000.com\/serigrafia-madrid\/wp-json\/wp\/v2\/media?parent=21"}],"curies":[{"name":"wp","href":"https:\/\/api.w.org\/{rel}","templated":true}]}}